{"id":517,"date":"2024-08-30T22:47:07","date_gmt":"2024-08-30T22:47:07","guid":{"rendered":"https:\/\/bigterass.com\/?page_id=517"},"modified":"2024-08-30T22:52:26","modified_gmt":"2024-08-30T22:52:26","slug":"navigasyon","status":"publish","type":"page","link":"https:\/\/bigterass.com\/en\/navigasyon\/","title":{"rendered":"Navigasyon"},"content":{"rendered":"<p><strong><span style=\"color: #ffffff;\">\u00dcmraniye metro dura\u011f\u0131 kar\u015f\u0131s\u0131 <\/span><\/strong><\/p>\n<p>&nbsp;<\/p>\n<p><iframe loading=\"lazy\" style=\"border: 0;\" src=\"https:\/\/www.google.com\/maps\/embed?pb=!1m18!1m12!1m3!1d12040.066339469293!2d29.075527069775386!3d41.0248931!2m3!1f0!2f0!3f0!3m2!1i1024!2i768!4f13.1!3m3!1m2!1s0x14cac981d34d2c3b%3A0x483aee63f6353163!2sB%C4%B0G%20MAMMA'S%20UMRAN%C4%B0YE!5e0!3m2!1str!2str!4v1676893820152!5m2!1str!2str\" width=\"1100\" height=\"400\" allowfullscreen=\"allowfullscreen\"><span data-mce-type=\"bookmark\" style=\"display: inline-block; width: 0px; overflow: hidden; line-height: 0;\" class=\"mce_SELRES_start\"><\/span><\/iframe><\/p>","protected":false},"excerpt":{"rendered":"<p>\u00dcmraniye metro dura\u011f\u0131 kar\u015f\u0131s\u0131 &nbsp; <\/p>","protected":false},"author":1,"featured_media":0,"parent":0,"menu_order":0,"comment_status":"closed","ping_status":"closed","template":"","meta":{"_joinchat":[],"footnotes":""},"class_list":["post-517","page","type-page","status-publish","hentry"],"_links":{"self":[{"href":"https:\/\/bigterass.com\/en\/wp-json\/wp\/v2\/pages\/517","targetHints":{"allow":["GET"]}}],"collection":[{"href":"https:\/\/bigterass.com\/en\/wp-json\/wp\/v2\/pages"}],"about":[{"href":"https:\/\/bigterass.com\/en\/wp-json\/wp\/v2\/types\/page"}],"author":[{"embeddable":true,"href":"https:\/\/bigterass.com\/en\/wp-json\/wp\/v2\/users\/1"}],"replies":[{"embeddable":true,"href":"https:\/\/bigterass.com\/en\/wp-json\/wp\/v2\/comments?post=517"}],"version-history":[{"count":1,"href":"https:\/\/bigterass.com\/en\/wp-json\/wp\/v2\/pages\/517\/revisions"}],"predecessor-version":[{"id":518,"href":"https:\/\/bigterass.com\/en\/wp-json\/wp\/v2\/pages\/517\/revisions\/518"}],"wp:attachment":[{"href":"https:\/\/bigterass.com\/en\/wp-json\/wp\/v2\/media?parent=517"}],"curies":[{"name":"wp","href":"https:\/\/api.w.org\/{rel}","templated":true}]}}